{"id":501,"date":"2021-06-14T21:23:01","date_gmt":"2021-06-14T19:23:01","guid":{"rendered":"http:\/\/www.stitesino.it\/?page_id=501"},"modified":"2021-06-16T20:52:16","modified_gmt":"2021-06-16T18:52:16","slug":"storyline","status":"publish","type":"page","link":"http:\/\/www.stitesino.it\/index.php\/storyline\/","title":{"rendered":"La nostra storia"},"content":{"rendered":"\n<div class=\"wp-block-timeline-express-timeline-block\">\t\t\t<section id=\"cd-timeline\" class=\"cd-container timeline-express\">\n\n\t\t\t\n<div class=\"cd-timeline-block aprile 01 1976 announcement-no-image announcement-495\">\n\n\t\n\t\t<a class=\"cd-timeline-icon-link\" href=\"http:\/\/www.stitesino.it\/index.php\/announcement\/inizio-del-servizio-di-soccorso-sanitario\/\">\n\n\t\t\t\n\t\t<div class=\"cd-timeline-img cd-picture\" style=\"background:#6097ea;\">\n\n\t\t\t<!-- Custom Action Hook -->\n\t\t\t\n\t\t\t\t<!-- Standard Font Awesome Icon -->\n\t\t\t\t<span class=\"fa fa-info\" title=\"Inizio del servizio di soccorso sanitario\"><\/span>\n\n\t\t\t\n\t\t<\/div> <!-- cd-timeline-img -->\n\n\t\n\t\t<\/a>\n\n\t\t\n\t<!-- Timeline Content -->\n\t<div class=\"cd-timeline-content\">\n\n\t\t\n\t\t<!-- Announcement Title -->\n\t\t<div class=\"cd-timeline-title-container\">\n\n\t\t\t\n\t\t\t<h2 class=\"cd-timeline-item-title\">\n\t\t\t\tInizio del servizio di soccorso sanitario\t\t\t<\/h2>\n\n\t\t\t\t\t<\/div>\n\t\t<!-- End Announcement Title -->\n\n\t\t\n\t\t<!-- Announcement Excerpt -->\n\t\t<div class=\"the-excerpt\">\n\t\t\t<p>Nell&#8217;aprile 1976 ebbe inizio il servizio di soccorso sanitario con autoambulanza grazie alla volont\u00e0 di 6 componenti dei Vigili del Fuoco Volontari di Castello Tesino: Dante Sordo, Erico Biasetto, Giacomino Dorigato, Lorenzo Busana, Roberto Marighetto e Tullio Zotta. L&#8217;ambulanza utilizzata&#8230;<\/p>\n<a class=\"timeline-express-read-more-link\" href=\"http:\/\/www.stitesino.it\/index.php\/announcement\/inizio-del-servizio-di-soccorso-sanitario\/\"> Read more<\/a>\t\t<\/div>\n\t\t<!-- End Announcement Excerpt -->\n\n\t\t\n\t<\/div>\n\t<!-- End Timeline Content -->\n\n<\/div>\n<!-- End Timeline Block -->\n\n<div class=\"cd-timeline-block dicembre 31 1987 announcement-no-image announcement-496\">\n\n\t\n\t\t<a class=\"cd-timeline-icon-link\" href=\"http:\/\/www.stitesino.it\/index.php\/announcement\/496-2\/\">\n\n\t\t\t\n\t\t<div class=\"cd-timeline-img cd-picture\" style=\"background:#2b43e2;\">\n\n\t\t\t<!-- Custom Action Hook -->\n\t\t\t\n\t\t\t\t<!-- Standard Font Awesome Icon -->\n\t\t\t\t<span class=\"fa fa-chevron-right\" title=\"Primo corso\"><\/span>\n\n\t\t\t\n\t\t<\/div> <!-- cd-timeline-img -->\n\n\t\n\t\t<\/a>\n\n\t\t\n\t<!-- Timeline Content -->\n\t<div class=\"cd-timeline-content\">\n\n\t\t\n\t\t<!-- Announcement Title -->\n\t\t<div class=\"cd-timeline-title-container\">\n\n\t\t\t\n\t\t\t<h2 class=\"cd-timeline-item-title\">\n\t\t\t\tPrimo corso\t\t\t<\/h2>\n\n\t\t\t\t\t<\/div>\n\t\t<!-- End Announcement Title -->\n\n\t\t\n\t\t<!-- Announcement Excerpt -->\n\t\t<div class=\"the-excerpt\">\n\t\t\t<p>Nel 1987 venne organizzato il primo corso di Primo Soccorso che ha permesso ad altri vigili del fuoco di prestare servizio di soccorso sanitario.<\/p>\n<a class=\"timeline-express-read-more-link\" href=\"http:\/\/www.stitesino.it\/index.php\/announcement\/496-2\/\"> Read more<\/a>\t\t<\/div>\n\t\t<!-- End Announcement Excerpt -->\n\n\t\t\n\t<\/div>\n\t<!-- End Timeline Content -->\n\n<\/div>\n<!-- End Timeline Block -->\n\n<div class=\"cd-timeline-block dicembre 31 1990 announcement-no-image announcement-497\">\n\n\t\n\t\t<a class=\"cd-timeline-icon-link\" href=\"http:\/\/www.stitesino.it\/index.php\/announcement\/trentino-emergenza-118\/\">\n\n\t\t\t\n\t\t<div class=\"cd-timeline-img cd-picture\" style=\"background:#ce3535;\">\n\n\t\t\t<!-- Custom Action Hook -->\n\t\t\t\n\t\t\t\t<!-- Standard Font Awesome Icon -->\n\t\t\t\t<span class=\"fa fa-exclamation\" title=\"Trentino Emergenza 118\"><\/span>\n\n\t\t\t\n\t\t<\/div> <!-- cd-timeline-img -->\n\n\t\n\t\t<\/a>\n\n\t\t\n\t<!-- Timeline Content -->\n\t<div class=\"cd-timeline-content\">\n\n\t\t\n\t\t<!-- Announcement Title -->\n\t\t<div class=\"cd-timeline-title-container\">\n\n\t\t\t\n\t\t\t<h2 class=\"cd-timeline-item-title\">\n\t\t\t\tTrentino Emergenza 118\t\t\t<\/h2>\n\n\t\t\t\t\t<\/div>\n\t\t<!-- End Announcement Title -->\n\n\t\t\n\t\t<!-- Announcement Excerpt -->\n\t\t<div class=\"the-excerpt\">\n\t\t\t<p>Nel 1990 fu istituito il sistema Trentino Emergenza 118. Da questo momento potevano fare il loro ingresso, previa partecipazione ad un corso, anche persone non facenti parte dei Vigili del Fuoco.<\/p>\n<a class=\"timeline-express-read-more-link\" href=\"http:\/\/www.stitesino.it\/index.php\/announcement\/trentino-emergenza-118\/\"> Read more<\/a>\t\t<\/div>\n\t\t<!-- End Announcement Excerpt -->\n\n\t\t\n\t<\/div>\n\t<!-- End Timeline Content -->\n\n<\/div>\n<!-- End Timeline Block -->\n\n<div class=\"cd-timeline-block dicembre 31 1994 announcement-499\">\n\n\t\n\t\t<a class=\"cd-timeline-icon-link\" href=\"http:\/\/www.stitesino.it\/index.php\/announcement\/nascita-dellassociazione\/\">\n\n\t\t\t\n\t\t<div class=\"cd-timeline-img cd-picture\" style=\"background:#379ccc;\">\n\n\t\t\t<!-- Custom Action Hook -->\n\t\t\t\n\t\t\t\t<!-- Standard Font Awesome Icon -->\n\t\t\t\t<span class=\"fa fa-play\" title=\"Nascita dell&#8217;associazione\"><\/span>\n\n\t\t\t\n\t\t<\/div> <!-- cd-timeline-img -->\n\n\t\n\t\t<\/a>\n\n\t\t\n\t<!-- Timeline Content -->\n\t<div class=\"cd-timeline-content\">\n\n\t\t\n\t\t<!-- Announcement Title -->\n\t\t<div class=\"cd-timeline-title-container\">\n\n\t\t\t\n\t\t\t<h2 class=\"cd-timeline-item-title\">\n\t\t\t\tNascita dell&#8217;associazione\t\t\t<\/h2>\n\n\t\t\t\t\t<\/div>\n\t\t<!-- End Announcement Title -->\n\n\t\t<img decoding=\"async\" width=\"120\" height=\"120\" src=\"http:\/\/www.stitesino.it\/wp-content\/uploads\/2016\/12\/cropped-logo_sti2.jpg\" class=\"announcement-banner-image\" alt=\"Nascita dell&#8217;associazione\" loading=\"lazy\" \/>\n\t\t<!-- Announcement Excerpt -->\n\t\t<div class=\"the-excerpt\">\n\t\t\t<p>Nel 1994 il servizio di soccorso sanitario venne scorporato dai Vigili del Fuoco e nacque l&#8217;associazione Servizio Trasporto Infermi di Castello Tesino.<\/p>\n<a class=\"timeline-express-read-more-link\" href=\"http:\/\/www.stitesino.it\/index.php\/announcement\/nascita-dellassociazione\/\"> Read more<\/a>\t\t<\/div>\n\t\t<!-- End Announcement Excerpt -->\n\n\t\t\n\t<\/div>\n\t<!-- End Timeline Content -->\n\n<\/div>\n<!-- End Timeline Block -->\n\n<div class=\"cd-timeline-block aprile 30 2002 announcement-no-image announcement-773\">\n\n\t\n\t\t<a class=\"cd-timeline-icon-link\" href=\"http:\/\/www.stitesino.it\/index.php\/announcement\/prima-missione-umanitaria-in-romania\/\">\n\n\t\t\t\n\t\t<div class=\"cd-timeline-img cd-picture\" style=\"background:#8224e3;\">\n\n\t\t\t<!-- Custom Action Hook -->\n\t\t\t\n\t\t\t\t<!-- Standard Font Awesome Icon -->\n\t\t\t\t<span class=\"fa fa-truck\" title=\"Prima missione umanitaria in Romania\"><\/span>\n\n\t\t\t\n\t\t<\/div> <!-- cd-timeline-img -->\n\n\t\n\t\t<\/a>\n\n\t\t\n\t<!-- Timeline Content -->\n\t<div class=\"cd-timeline-content\">\n\n\t\t\n\t\t<!-- Announcement Title -->\n\t\t<div class=\"cd-timeline-title-container\">\n\n\t\t\t\n\t\t\t<h2 class=\"cd-timeline-item-title\">\n\t\t\t\tPrima missione umanitaria in Romania\t\t\t<\/h2>\n\n\t\t\t\t\t<\/div>\n\t\t<!-- End Announcement Title -->\n\n\t\t\n\t\t<!-- Announcement Excerpt -->\n\t\t<div class=\"the-excerpt\">\n\t\t\t<p>Nell&#8217;aprile 2002 il Servizio Trasporto Infermi del Tesino si \u00e8 recato a Tulcea, in Romania, per portare generi di prima necessit\u00e0 e attrezzature mediche per l&#8217;ospedale e per una casa di riposo.<\/p>\n<a class=\"timeline-express-read-more-link\" href=\"http:\/\/www.stitesino.it\/index.php\/announcement\/prima-missione-umanitaria-in-romania\/\"> Read more<\/a>\t\t<\/div>\n\t\t<!-- End Announcement Excerpt -->\n\n\t\t\n\t<\/div>\n\t<!-- End Timeline Content -->\n\n<\/div>\n<!-- End Timeline Block -->\n\n<div class=\"cd-timeline-block maggio 27 2005 announcement-no-image announcement-774\">\n\n\t\n\t\t<a class=\"cd-timeline-icon-link\" href=\"http:\/\/www.stitesino.it\/index.php\/announcement\/774-2\/\">\n\n\t\t\t\n\t\t<div class=\"cd-timeline-img cd-picture\" style=\"background:#efd032;\">\n\n\t\t\t<!-- Custom Action Hook -->\n\t\t\t\n\t\t\t\t<!-- Standard Font Awesome Icon -->\n\t\t\t\t<span class=\"fa fa-truck\" title=\"Seconda missione umanitaria in Romania\"><\/span>\n\n\t\t\t\n\t\t<\/div> <!-- cd-timeline-img -->\n\n\t\n\t\t<\/a>\n\n\t\t\n\t<!-- Timeline Content -->\n\t<div class=\"cd-timeline-content\">\n\n\t\t\n\t\t<!-- Announcement Title -->\n\t\t<div class=\"cd-timeline-title-container\">\n\n\t\t\t\n\t\t\t<h2 class=\"cd-timeline-item-title\">\n\t\t\t\tSeconda missione umanitaria in Romania\t\t\t<\/h2>\n\n\t\t\t\t\t<\/div>\n\t\t<!-- End Announcement Title -->\n\n\t\t\n\t\t<!-- Announcement Excerpt -->\n\t\t<div class=\"the-excerpt\">\n\t\t\t<p>Tra il 24 e il 27 maggio 2005 una delegazione del Servizio Trasporto Infermi del Tesino si \u00e8 recata a Tulcea per consegnare attrezzature sanitarie all&#8217;ospedale, ad una casa di riposo e ad un orfanotrofio della zona.<\/p>\n<a class=\"timeline-express-read-more-link\" href=\"http:\/\/www.stitesino.it\/index.php\/announcement\/774-2\/\"> Read more<\/a>\t\t<\/div>\n\t\t<!-- End Announcement Excerpt -->\n\n\t\t\n\t<\/div>\n\t<!-- End Timeline Content -->\n\n<\/div>\n<!-- End Timeline Block -->\n\n<div class=\"cd-timeline-block novembre 30 2006 announcement-no-image announcement-775\">\n\n\t\n\t\t<a class=\"cd-timeline-icon-link\" href=\"http:\/\/www.stitesino.it\/index.php\/announcement\/terza-missione-umanitaria-in-romania\/\">\n\n\t\t\t\n\t\t<div class=\"cd-timeline-img cd-picture\" style=\"background:#ea2574;\">\n\n\t\t\t<!-- Custom Action Hook -->\n\t\t\t\n\t\t\t\t<!-- Standard Font Awesome Icon -->\n\t\t\t\t<span class=\"fa fa-truck\" title=\"Terza missione umanitaria in Romania\"><\/span>\n\n\t\t\t\n\t\t<\/div> <!-- cd-timeline-img -->\n\n\t\n\t\t<\/a>\n\n\t\t\n\t<!-- Timeline Content -->\n\t<div class=\"cd-timeline-content\">\n\n\t\t\n\t\t<!-- Announcement Title -->\n\t\t<div class=\"cd-timeline-title-container\">\n\n\t\t\t\n\t\t\t<h2 class=\"cd-timeline-item-title\">\n\t\t\t\tTerza missione umanitaria in Romania\t\t\t<\/h2>\n\n\t\t\t\t\t<\/div>\n\t\t<!-- End Announcement Title -->\n\n\t\t\n\t\t<!-- Announcement Excerpt -->\n\t\t<div class=\"the-excerpt\">\n\t\t\t<p>Il 2006 \u00e8 stato un anno di alluvioni per la regione di Tulcea, in Romania. Nel novembre di questo anno, il Servizio Trasporto Infermi ha contribuito, inviando beni di prima necessit\u00e0 a Tulcea.<\/p>\n<a class=\"timeline-express-read-more-link\" href=\"http:\/\/www.stitesino.it\/index.php\/announcement\/terza-missione-umanitaria-in-romania\/\"> Read more<\/a>\t\t<\/div>\n\t\t<!-- End Announcement Excerpt -->\n\n\t\t\n\t<\/div>\n\t<!-- End Timeline Content -->\n\n<\/div>\n<!-- End Timeline Block -->\n\n<div class=\"cd-timeline-block maggio 31 2008 announcement-no-image announcement-776\">\n\n\t\n\t\t<a class=\"cd-timeline-icon-link\" href=\"http:\/\/www.stitesino.it\/index.php\/announcement\/quarta-missione-umanitaria-in-romania\/\">\n\n\t\t\t\n\t\t<div class=\"cd-timeline-img cd-picture\" style=\"background:#6bd620;\">\n\n\t\t\t<!-- Custom Action Hook -->\n\t\t\t\n\t\t\t\t<!-- Standard Font Awesome Icon -->\n\t\t\t\t<span class=\"fa fa-truck\" title=\"Quarta missione umanitaria in Romania\"><\/span>\n\n\t\t\t\n\t\t<\/div> <!-- cd-timeline-img -->\n\n\t\n\t\t<\/a>\n\n\t\t\n\t<!-- Timeline Content -->\n\t<div class=\"cd-timeline-content\">\n\n\t\t\n\t\t<!-- Announcement Title -->\n\t\t<div class=\"cd-timeline-title-container\">\n\n\t\t\t\n\t\t\t<h2 class=\"cd-timeline-item-title\">\n\t\t\t\tQuarta missione umanitaria in Romania\t\t\t<\/h2>\n\n\t\t\t\t\t<\/div>\n\t\t<!-- End Announcement Title -->\n\n\t\t\n\t\t<!-- Announcement Excerpt -->\n\t\t<div class=\"the-excerpt\">\n\t\t\t<p>Nel magio 2008, l&#8217;associazione ha consegnato a Tulcea beni di prima necessit\u00e0, 3 elettrocardiografi, 3 defibrillatori e un carrello per il pronto soccorso.<\/p>\n<a class=\"timeline-express-read-more-link\" href=\"http:\/\/www.stitesino.it\/index.php\/announcement\/quarta-missione-umanitaria-in-romania\/\"> Read more<\/a>\t\t<\/div>\n\t\t<!-- End Announcement Excerpt -->\n\n\t\t\n\t<\/div>\n\t<!-- End Timeline Content -->\n\n<\/div>\n<!-- End Timeline Block -->\n\n<div class=\"cd-timeline-block settembre 09 2009 announcement-no-image announcement-868\">\n\n\t\n\t\t<a class=\"cd-timeline-icon-link\" href=\"http:\/\/www.stitesino.it\/index.php\/announcement\/concerto-nomadi-a-castello-tesino\/\">\n\n\t\t\t\n\t\t<div class=\"cd-timeline-img cd-picture\" style=\"background:#dd3333;\">\n\n\t\t\t<!-- Custom Action Hook -->\n\t\t\t\n\t\t\t\t<!-- Standard Font Awesome Icon -->\n\t\t\t\t<span class=\"fa fa-microphone\" title=\"Concerto Nomadi a Castello Tesino\"><\/span>\n\n\t\t\t\n\t\t<\/div> <!-- cd-timeline-img -->\n\n\t\n\t\t<\/a>\n\n\t\t\n\t<!-- Timeline Content -->\n\t<div class=\"cd-timeline-content\">\n\n\t\t\n\t\t<!-- Announcement Title -->\n\t\t<div class=\"cd-timeline-title-container\">\n\n\t\t\t\n\t\t\t<h2 class=\"cd-timeline-item-title\">\n\t\t\t\tConcerto Nomadi a Castello Tesino\t\t\t<\/h2>\n\n\t\t\t\t\t<\/div>\n\t\t<!-- End Announcement Title -->\n\n\t\t\n\t\t<!-- Announcement Excerpt -->\n\t\t<div class=\"the-excerpt\">\n\t\t\t<p>Il 21 settembre 2008 si \u00e8 tenuto il concerto dei Nomadi a Castello Tesino, organizzato dalla nostra associazione.<\/p>\n<a class=\"timeline-express-read-more-link\" href=\"http:\/\/www.stitesino.it\/index.php\/announcement\/concerto-nomadi-a-castello-tesino\/\"> Read more<\/a>\t\t<\/div>\n\t\t<!-- End Announcement Excerpt -->\n\n\t\t\n\t<\/div>\n\t<!-- End Timeline Content -->\n\n<\/div>\n<!-- End Timeline Block -->\n\n<div class=\"cd-timeline-block maggio 09 2012 announcement-no-image announcement-892\">\n\n\t\n\t\t<a class=\"cd-timeline-icon-link\" href=\"http:\/\/www.stitesino.it\/index.php\/announcement\/ambulatorio-paganica\/\">\n\n\t\t\t\n\t\t<div class=\"cd-timeline-img cd-picture\" style=\"background:#72a2e5;\">\n\n\t\t\t<!-- Custom Action Hook -->\n\t\t\t\n\t\t\t\t<!-- Standard Font Awesome Icon -->\n\t\t\t\t<span class=\"fa fa-gift\" title=\"Ambulatorio Paganica\"><\/span>\n\n\t\t\t\n\t\t<\/div> <!-- cd-timeline-img -->\n\n\t\n\t\t<\/a>\n\n\t\t\n\t<!-- Timeline Content -->\n\t<div class=\"cd-timeline-content\">\n\n\t\t\n\t\t<!-- Announcement Title -->\n\t\t<div class=\"cd-timeline-title-container\">\n\n\t\t\t\n\t\t\t<h2 class=\"cd-timeline-item-title\">\n\t\t\t\tAmbulatorio Paganica\t\t\t<\/h2>\n\n\t\t\t\t\t<\/div>\n\t\t<!-- End Announcement Title -->\n\n\t\t\n\t\t<!-- Announcement Excerpt -->\n\t\t<div class=\"the-excerpt\">\n\t\t\t<p>Il Servizio Trasporto Infermi del Tesino ha contribuito alla costruzione di 3 ambulatori a Paganica, frazione dell&#8217;Aquila, luogo colpito gravemente dal terremoto del 2009<\/p>\n<a class=\"timeline-express-read-more-link\" href=\"http:\/\/www.stitesino.it\/index.php\/announcement\/ambulatorio-paganica\/\"> Read more<\/a>\t\t<\/div>\n\t\t<!-- End Announcement Excerpt -->\n\n\t\t\n\t<\/div>\n\t<!-- End Timeline Content -->\n\n<\/div>\n<!-- End Timeline Block -->\n\n<div class=\"cd-timeline-block giugno 18 2016 announcement-517\">\n\n\t\n\t\t<a class=\"cd-timeline-icon-link\" href=\"http:\/\/www.stitesino.it\/index.php\/announcement\/517-2\/\">\n\n\t\t\t\n\t\t<div class=\"cd-timeline-img cd-picture\" style=\"background:#72a2e5;\">\n\n\t\t\t<!-- Custom Action Hook -->\n\t\t\t\n\t\t\t\t<!-- Standard Font Awesome Icon -->\n\t\t\t\t<span class=\"fa fa-exclamation-triangle\" title=\"Manovra di simulazione di una maxi-emergenza\"><\/span>\n\n\t\t\t\n\t\t<\/div> <!-- cd-timeline-img -->\n\n\t\n\t\t<\/a>\n\n\t\t\n\t<!-- Timeline Content -->\n\t<div class=\"cd-timeline-content\">\n\n\t\t\n\t\t<!-- Announcement Title -->\n\t\t<div class=\"cd-timeline-title-container\">\n\n\t\t\t\n\t\t\t<h2 class=\"cd-timeline-item-title\">\n\t\t\t\tManovra di simulazione di una maxi-emergenza\t\t\t<\/h2>\n\n\t\t\t\t\t<\/div>\n\t\t<!-- End Announcement Title -->\n\n\t\t<img decoding=\"async\" width=\"160\" height=\"120\" src=\"http:\/\/www.stitesino.it\/wp-content\/uploads\/2017\/02\/113-31_maxiemergenza-1.jpg\" class=\"announcement-banner-image\" alt=\"Manovra di simulazione di una maxi-emergenza\" loading=\"lazy\" \/>\n\t\t<!-- Announcement Excerpt -->\n\t\t<div class=\"the-excerpt\">\n\t\t\t<p>Nel weekend 17-18 ottobre 2016 il Servizio Trasporto Infermi del Tesino ha partecipato, assieme al Vigili del Fuoco della valle, al Soccorso Alpino del Tesino e alla Croce Rossa di Pergine e Borgo Valsugana, ad una manovra di maxi-emergenza nella&#8230;<\/p>\n<a class=\"timeline-express-read-more-link\" href=\"http:\/\/www.stitesino.it\/index.php\/announcement\/517-2\/\"> Read more<\/a>\t\t<\/div>\n\t\t<!-- End Announcement Excerpt -->\n\n\t\t\n\t<\/div>\n\t<!-- End Timeline Content -->\n\n<\/div>\n<!-- End Timeline Block -->\n\n<div class=\"cd-timeline-block maggio 06 2017 announcement-519\">\n\n\t\n\t\t<a class=\"cd-timeline-icon-link\" href=\"http:\/\/www.stitesino.it\/index.php\/announcement\/519-2\/\">\n\n\t\t\t\n\t\t<div class=\"cd-timeline-img cd-picture\" style=\"background:#72a2e5;\">\n\n\t\t\t<!-- Custom Action Hook -->\n\t\t\t\n\t\t\t\t<!-- Standard Font Awesome Icon -->\n\t\t\t\t<span class=\"fa fa-building\" title=\"Una casa per Visso\"><\/span>\n\n\t\t\t\n\t\t<\/div> <!-- cd-timeline-img -->\n\n\t\n\t\t<\/a>\n\n\t\t\n\t<!-- Timeline Content -->\n\t<div class=\"cd-timeline-content\">\n\n\t\t\n\t\t<!-- Announcement Title -->\n\t\t<div class=\"cd-timeline-title-container\">\n\n\t\t\t\n\t\t\t<h2 class=\"cd-timeline-item-title\">\n\t\t\t\tUna casa per Visso\t\t\t<\/h2>\n\n\t\t\t\t\t<\/div>\n\t\t<!-- End Announcement Title -->\n\n\t\t<img decoding=\"async\" width=\"350\" height=\"120\" src=\"http:\/\/www.stitesino.it\/wp-content\/uploads\/2021\/06\/Inaugurazione_casa_visso-350x120.jpg\" class=\"announcement-banner-image\" alt=\"Una casa per Visso\" loading=\"lazy\" \/>\n\t\t<!-- Announcement Excerpt -->\n\t\t<div class=\"the-excerpt\">\n\t\t\t<p>Nel giugno 2017 il Servizio Trasporto Infermi del Tesino e il Servizio Trasporto Infermi Pinzolo e Alta Rendena hanno donato una casa in legno ad una famiglia di Aschio, una frazione di Visso, che ha perso la propria casa nell&#8217;ottobre&#8230;<\/p>\n<a class=\"timeline-express-read-more-link\" href=\"http:\/\/www.stitesino.it\/index.php\/announcement\/519-2\/\"> Read more<\/a>\t\t<\/div>\n\t\t<!-- End Announcement Excerpt -->\n\n\t\t\n\t<\/div>\n\t<!-- End Timeline Content -->\n\n<\/div>\n<!-- End Timeline Block -->\n\n<div class=\"cd-timeline-block aprile 15 2021 announcement-no-image announcement-507\">\n\n\t\n\t\t<a class=\"cd-timeline-icon-link\" href=\"http:\/\/www.stitesino.it\/index.php\/announcement\/massaggiatore-automatico\/\">\n\n\t\t\t\n\t\t<div class=\"cd-timeline-img cd-picture\" style=\"background:#e5d84b;\">\n\n\t\t\t<!-- Custom Action Hook -->\n\t\t\t\n\t\t\t\t<!-- Standard Font Awesome Icon -->\n\t\t\t\t<span class=\"fa fa-paper-plane-o\" title=\"Massaggiatore automatico\"><\/span>\n\n\t\t\t\n\t\t<\/div> <!-- cd-timeline-img -->\n\n\t\n\t\t<\/a>\n\n\t\t\n\t<!-- Timeline Content -->\n\t<div class=\"cd-timeline-content\">\n\n\t\t\n\t\t<!-- Announcement Title -->\n\t\t<div class=\"cd-timeline-title-container\">\n\n\t\t\t\n\t\t\t<h2 class=\"cd-timeline-item-title\">\n\t\t\t\tMassaggiatore automatico\t\t\t<\/h2>\n\n\t\t\t\t\t<\/div>\n\t\t<!-- End Announcement Title -->\n\n\t\t\n\t\t<!-- Announcement Excerpt -->\n\t\t<div class=\"the-excerpt\">\n\t\t\t<p>Ad aprile 2021 la nostra associazione si \u00e8 dotata di un dispositivo per effettuare il massaggio cardiaco sulle persone in arresto cardiaco. Ci\u00f2 permette ai soccorritori di dedicarsi ad altre attivit\u00e0 importanti in quelle difficili situazioni.<\/p>\n<a class=\"timeline-express-read-more-link\" href=\"http:\/\/www.stitesino.it\/index.php\/announcement\/massaggiatore-automatico\/\"> Read more<\/a>\t\t<\/div>\n\t\t<!-- End Announcement Excerpt -->\n\n\t\t\n\t<\/div>\n\t<!-- End Timeline Content -->\n\n<\/div>\n<!-- End Timeline Block -->\n\n<div class=\"cd-timeline-block marzo 17 2022 announcement-866\">\n\n\t\n\t\t<a class=\"cd-timeline-icon-link\" href=\"http:\/\/www.stitesino.it\/index.php\/announcement\/donazione-stivali-e-doposci-in-ucraina\/\">\n\n\t\t\t\n\t\t<div class=\"cd-timeline-img cd-picture\" style=\"background:#72a2e5;\">\n\n\t\t\t<!-- Custom Action Hook -->\n\t\t\t\n\t\t\t\t<!-- Standard Font Awesome Icon -->\n\t\t\t\t<span class=\"fa fa-shopping-bag\" title=\"Donazione stivali e doposci in Ucraina\"><\/span>\n\n\t\t\t\n\t\t<\/div> <!-- cd-timeline-img -->\n\n\t\n\t\t<\/a>\n\n\t\t\n\t<!-- Timeline Content -->\n\t<div class=\"cd-timeline-content\">\n\n\t\t\n\t\t<!-- Announcement Title -->\n\t\t<div class=\"cd-timeline-title-container\">\n\n\t\t\t\n\t\t\t<h2 class=\"cd-timeline-item-title\">\n\t\t\t\tDonazione stivali e doposci in Ucraina\t\t\t<\/h2>\n\n\t\t\t\t\t<\/div>\n\t\t<!-- End Announcement Title -->\n\n\t\t<img decoding=\"async\" width=\"350\" height=\"120\" src=\"http:\/\/www.stitesino.it\/wp-content\/uploads\/2022\/04\/Camion_ucraina-Spirale_STI-2-350x120.jpg\" class=\"announcement-banner-image\" alt=\"Donazione stivali e doposci in Ucraina\" loading=\"lazy\" \/>\n\t\t<!-- Announcement Excerpt -->\n\t\t<div class=\"the-excerpt\">\n\t\t\t<p>Donazione, in collaborazione con la ditta Spirale srl, di 4 camion di stivali e doposci, circa 15 mila paia, all\u2019associazione RASOM\u00a0(Associazione Culturale degli Ucraini in Trentino). L\u2019associazione RASOM si \u00e8 successivamente occupata del trasporto e dello smistamento al popolo ucraino&#8230;<\/p>\n<a class=\"timeline-express-read-more-link\" href=\"http:\/\/www.stitesino.it\/index.php\/announcement\/donazione-stivali-e-doposci-in-ucraina\/\"> Read more<\/a>\t\t<\/div>\n\t\t<!-- End Announcement Excerpt -->\n\n\t\t\n\t<\/div>\n\t<!-- End Timeline Content -->\n\n<\/div>\n<!-- End Timeline Block -->\n\n<div class=\"cd-timeline-block maggio 20 2022 announcement-877\">\n\n\t\n\t\t<a class=\"cd-timeline-icon-link\" href=\"http:\/\/www.stitesino.it\/index.php\/announcement\/concerto-vasco-rossi-a-trento\/\">\n\n\t\t\t\n\t\t<div class=\"cd-timeline-img cd-picture\" style=\"background:#c40db2;\">\n\n\t\t\t<!-- Custom Action Hook -->\n\t\t\t\n\t\t\t\t<!-- Standard Font Awesome Icon -->\n\t\t\t\t<span class=\"fa fa-microphone\" title=\"Concerto Vasco Rossi a Trento\"><\/span>\n\n\t\t\t\n\t\t<\/div> <!-- cd-timeline-img -->\n\n\t\n\t\t<\/a>\n\n\t\t\n\t<!-- Timeline Content -->\n\t<div class=\"cd-timeline-content\">\n\n\t\t\n\t\t<!-- Announcement Title -->\n\t\t<div class=\"cd-timeline-title-container\">\n\n\t\t\t\n\t\t\t<h2 class=\"cd-timeline-item-title\">\n\t\t\t\tConcerto Vasco Rossi a Trento\t\t\t<\/h2>\n\n\t\t\t\t\t<\/div>\n\t\t<!-- End Announcement Title -->\n\n\t\t<img decoding=\"async\" width=\"350\" height=\"120\" src=\"http:\/\/www.stitesino.it\/wp-content\/uploads\/2022\/05\/IMG-20220520-WA0018-350x120.jpg\" class=\"announcement-banner-image\" alt=\"Concerto Vasco Rossi a Trento\" loading=\"lazy\" \/>\n\t\t<!-- Announcement Excerpt -->\n\t\t<div class=\"the-excerpt\">\n\t\t\t<p>Il 20 maggio 2022 il Servizio Trasporto Infermi del Tesino ha partecipato con un proprio equipaggio all&#8217;assistenza sanitaria del concerto di Vasco Rossi a Trento.<\/p>\n<a class=\"timeline-express-read-more-link\" href=\"http:\/\/www.stitesino.it\/index.php\/announcement\/concerto-vasco-rossi-a-trento\/\"> Read more<\/a>\t\t<\/div>\n\t\t<!-- End Announcement Excerpt -->\n\n\t\t\n\t<\/div>\n\t<!-- End Timeline Content -->\n\n<\/div>\n<!-- End Timeline Block -->\n\n\t\t\t<\/section>\n\n\t\t\t<!-- Timeline Express Free v1.8.1 | Site: https:\/\/www.wp-timelineexpress.com | Author: CodeParrots - http:\/\/www.codeparrots.com --><\/div>\n","protected":false},"excerpt":{"rendered":"","protected":false},"author":3,"featured_media":0,"parent":0,"menu_order":0,"comment_status":"closed","ping_status":"closed","template":"","meta":{"_et_pb_use_builder":"off","_et_pb_old_content":"","_et_gb_content_width":""},"_links":{"self":[{"href":"http:\/\/www.stitesino.it\/index.php\/wp-json\/wp\/v2\/pages\/501"}],"collection":[{"href":"http:\/\/www.stitesino.it\/index.php\/wp-json\/wp\/v2\/pages"}],"about":[{"href":"http:\/\/www.stitesino.it\/index.php\/wp-json\/wp\/v2\/types\/page"}],"author":[{"embeddable":true,"href":"http:\/\/www.stitesino.it\/index.php\/wp-json\/wp\/v2\/users\/3"}],"replies":[{"embeddable":true,"href":"http:\/\/www.stitesino.it\/index.php\/wp-json\/wp\/v2\/comments?post=501"}],"version-history":[{"count":3,"href":"http:\/\/www.stitesino.it\/index.php\/wp-json\/wp\/v2\/pages\/501\/revisions"}],"predecessor-version":[{"id":698,"href":"http:\/\/www.stitesino.it\/index.php\/wp-json\/wp\/v2\/pages\/501\/revisions\/698"}],"wp:attachment":[{"href":"http:\/\/www.stitesino.it\/index.php\/wp-json\/wp\/v2\/media?parent=501"}],"curies":[{"name":"wp","href":"https:\/\/api.w.org\/{rel}","templated":true}]}}